{"id":15,"date":"2024-03-05T13:38:21","date_gmt":"2024-03-05T12:38:21","guid":{"rendered":"http:\/\/wp.orai.eus\/?page_id=15"},"modified":"2024-03-06T16:59:01","modified_gmt":"2024-03-06T15:59:01","slug":"resultados","status":"publish","type":"page","link":"https:\/\/icl4lang.orai.eus\/?page_id=15&lang=es","title":{"rendered":"Resultados"},"content":{"rendered":"\n<p><a href=\"https:\/\/huggingface.co\/datasets\/orai-nlp\/ZelaiHandi\" target=\"_blank\" rel=\"noreferrer noopener\"><\/a><\/p>\n\n\n\n<h3 class=\"wp-block-heading\"><a href=\"https:\/\/huggingface.co\/datasets\/orai-nlp\/ZelaiHandi\" target=\"_blank\" rel=\"noreferrer noopener\">ZelaiHandi<\/a><a href=\"https:\/\/huggingface.co\/datasets\/orai-nlp\/ZelaiHandi\" target=\"_blank\" rel=\"noreferrer noopener\"> <\/a><\/h3>\n\n\n\n<figure class=\"wp-block-image size-large\"><img loading=\"lazy\" decoding=\"async\" width=\"1024\" height=\"356\" src=\"http:\/\/wp.orai.eus\/wp-content\/uploads\/2024\/03\/zelaihandi_large-1024x356.png\" alt=\"\" class=\"wp-image-162\" srcset=\"https:\/\/icl4lang.orai.eus\/wp-content\/uploads\/2024\/03\/zelaihandi_large-1024x356.png 1024w, https:\/\/icl4lang.orai.eus\/wp-content\/uploads\/2024\/03\/zelaihandi_large-300x104.png 300w, https:\/\/icl4lang.orai.eus\/wp-content\/uploads\/2024\/03\/zelaihandi_large-768x267.png 768w, https:\/\/icl4lang.orai.eus\/wp-content\/uploads\/2024\/03\/zelaihandi_large-18x6.png 18w, https:\/\/icl4lang.orai.eus\/wp-content\/uploads\/2024\/03\/zelaihandi_large.png 1437w\" sizes=\"auto, (max-width: 1024px) 100vw, 1024px\" \/><\/figure>\n\n\n\n<p><span class=\"css-1qaijid r-bcqeeo r-qvutc0 r-poiln3\" style=\"text-overflow: unset;\">El mayor corpus p\u00fablico en euskera de textos bajo licencia libre (521,5 M de palabras). Los textos han sido recopilados de un conjunto seleccionado de sitios web para asegurar su calidad y variedad tem\u00e1tica. <\/span>El corpus se ha creado con el prop\u00f3sito de facilitar el desarrollo e investigaci\u00f3n de modelos de lenguaje neuronales con capacidades de comprensi\u00f3n y generaci\u00f3n del euskera. <\/p>\n","protected":false},"excerpt":{"rendered":"<p>ZelaiHandi El mayor corpus p\u00fablico en euskera de textos bajo licencia libre (521,5 M de palabras). Los textos han sido recopilados de un conjunto seleccionado de sitios web para asegurar su calidad y variedad tem\u00e1tica. El corpus se ha creado con el prop\u00f3sito de facilitar el desarrollo e investigaci\u00f3n de modelos de lenguaje neuronales con capacidades de comprensi\u00f3n y generaci\u00f3n del euskera.<\/p>\n","protected":false},"author":1,"featured_media":0,"parent":0,"menu_order":0,"comment_status":"closed","ping_status":"closed","template":"","meta":{"footnotes":""},"class_list":["post-15","page","type-page","status-publish"],"_links":{"self":[{"href":"https:\/\/icl4lang.orai.eus\/index.php?rest_route=\/wp\/v2\/pages\/15","targetHints":{"allow":["GET"]}}],"collection":[{"href":"https:\/\/icl4lang.orai.eus\/index.php?rest_route=\/wp\/v2\/pages"}],"about":[{"href":"https:\/\/icl4lang.orai.eus\/index.php?rest_route=\/wp\/v2\/types\/page"}],"author":[{"embeddable":true,"href":"https:\/\/icl4lang.orai.eus\/index.php?rest_route=\/wp\/v2\/users\/1"}],"replies":[{"embeddable":true,"href":"https:\/\/icl4lang.orai.eus\/index.php?rest_route=%2Fwp%2Fv2%2Fcomments&post=15"}],"version-history":[{"count":3,"href":"https:\/\/icl4lang.orai.eus\/index.php?rest_route=\/wp\/v2\/pages\/15\/revisions"}],"predecessor-version":[{"id":164,"href":"https:\/\/icl4lang.orai.eus\/index.php?rest_route=\/wp\/v2\/pages\/15\/revisions\/164"}],"wp:attachment":[{"href":"https:\/\/icl4lang.orai.eus\/index.php?rest_route=%2Fwp%2Fv2%2Fmedia&parent=15"}],"curies":[{"name":"wp","href":"https:\/\/api.w.org\/{rel}","templated":true}]}}