{"id":17,"date":"2024-03-05T13:38:21","date_gmt":"2024-03-05T12:38:21","guid":{"rendered":"http:\/\/wp.orai.eus\/?page_id=17"},"modified":"2025-04-11T16:26:49","modified_gmt":"2025-04-11T15:26:49","slug":"publicaciones","status":"publish","type":"page","link":"https:\/\/icl4lang.orai.eus\/?page_id=17&lang=es","title":{"rendered":"Publicaciones"},"content":{"rendered":"\n<h2 class=\"wp-block-heading\">2025<\/h2>\n\n\n\n<p><a href=\"https:\/\/aclanthology.org\/2025.coling-main.318.pdf\">BasqBBQ: A QA Benchmark for Assessing Social Biases in LLMs for Basque, a Low-Resource Language.<\/a> Saralegi, X., &amp; Zulaika, M. In Proceedings of the 31st International Conference on Computational Linguistics (pp. 4753-4767).&nbsp;2025, enero.<\/p>\n\n\n\n<p><a href=\"http:\/\/journal.sepln.org\/sepln\/ojs\/ojs\/index.php\/pln\/article\/viewFile\/6674\/4065\">Generating Multiple-Choice Questions in Spanish and Basque using LLMs: A Comparative Manual Evaluation.<\/a> L\u00f3pez de Lacalle, M., Saralegi, X., &amp; Saizar, A. Procesamiento del Lenguaje Natural, 74, 179-190. 2025.<\/p>\n\n\n\n<p><a href=\"https:\/\/doi.org\/10.6035\/recerca.8402\">Interfaces conversacionales, tecnolenguajes y tecnodesigualdades. RECERCA<\/a>. Tabar\u00e9s Guti\u00e9rrez, R.  Revista De Pensament I An\u00e0lisi, 30(1). 2025.<\/p>\n\n\n\n<h2 class=\"wp-block-heading\">2024<\/h2>\n\n\n\n<p><a href=\"https:\/\/aclanthology.org\/2024.naacl-long.234\/\">XNLIeu: a dataset for cross-lingual NLI in Basque<\/a>. Heredia, M., Etxaniz, J., Zulaika, M., Saralegi, X., Barnes, J., &amp; Soroa, A. In Proceedings of the 2024 Conference of the North American Chapter of the Association for Computational Linguistics: Human Language Technologies (Volume 1: Long Papers) (pp. 4177\u20134188). NAACL 2024.<\/p>\n\n\n\n<p><a href=\"https:\/\/lrec2024.org\">How Well Can BERT Learn the Grammar of an Agglutinative and Flexible-Order Language?<\/a> The Case of Basque. Urbizu, G., Zulaika, M., Saralegi, X., Corral A. In proceedings of the 2024 Joint International Conference on Computational Linguistics, Language Resources and Evaluation (LREC-COLING 2024). Torino, Italy. 2024.<\/p>\n\n\n\n<p><a href=\"https:\/\/openreview.net\/pdf?id=Y3wpuxd7u9\" data-type=\"link\" data-id=\"https:\/\/openreview.net\/pdf?id=Y3wpuxd7u9\">GoLLIE: Annotation Guidelines improve Zero-Shot Information-Extraction.<\/a> Sainz, O., Garc\u00eda-Ferrero, I., Agerri, R., de Lacalle, O. L., Rigau, G., &amp; Agirre, E. (2024). ICLR 2024.<\/p>\n\n\n\n<p><a href=\"https:\/\/doi.org\/10.6018\/daimon.612051\">Plataformizaci\u00f3n, automatizaci\u00f3n y aceleraci\u00f3n en los medios sociales<\/a>. Tabar\u00e9s Guti\u00e9rrez, R. Daimon Revista Internacional de Filosofia, (93), 137\u2013152. 2024.<\/p>\n\n\n\n<p><a href=\"https:\/\/ceur-ws.org\/Vol-3808\/paper7.pdf\">Mitigating Toxicity in Dialogue Agents through Adversarial Reinforcement Learning<\/a>. Villate-Castillo, G., Sanz, B., &amp; Del Ser, J. AEQUITAS@ECAI 2024.<\/p>\n\n\n\n<h2 class=\"wp-block-heading\">2023<\/h2>\n\n\n\n<p><a href=\"https:\/\/rua.ua.es\/dspace\/handle\/10045\/137160\" target=\"_blank\" rel=\"noreferrer noopener\">Strategies for bilingual intent classification for small datasets scenarios.<\/a> L\u00f3pez de Lacalle, M., Saralegi, X., Saizar, A., Urbizu, G. and Corral, A. Procesamiento del Lenguaje Natural, Revista n\u00ba 71, septiembre de 2023, pp. 137-147&nbsp;<\/p>\n\n\n\n<p><a href=\"https:\/\/aclanthology.org\/2023.findings-acl.492\/\" target=\"_blank\" rel=\"noreferrer noopener\"><\/a><\/p>\n\n\n\n<p><a href=\"https:\/\/aclanthology.org\/2023.findings-acl.492\/\" target=\"_blank\" rel=\"noreferrer noopener\">Scaling Laws for BERT in Low-Resource Settings.<\/a> Urbizu, G., San Vicente, I., Saralegi, X., Agerri, R. and Soroa, A. In Findings of the Association for Computational Linguistics: ACL 2023, pages 7771\u20137789 July 9-14, 2023<\/p>\n\n\n\n<p><a href=\"https:\/\/aclanthology.org\/2023.findings-acl.235.pdf\" target=\"_blank\" rel=\"noreferrer noopener\"><\/a><\/p>\n\n\n\n<p><a href=\"https:\/\/aclanthology.org\/2023.findings-acl.235.pdf\" target=\"_blank\" rel=\"noreferrer noopener\">Not Enough Data to Pre-train Your Language Model? MT to the Rescue! <\/a> Urbizu, G., San Vicente, I., Saralegi,X., and Corral, A. In Findings of the Association for Computational Linguistics: ACL2023, pages 3826\u20133836 July 9-14, 2023<\/p>\n\n\n\n<p><\/p>\n","protected":false},"excerpt":{"rendered":"<p>2025 BasqBBQ: A QA Benchmark for Assessing Social Biases in LLMs for Basque, a Low-Resource Language. Saralegi, X., &amp; Zulaika, M. In Proceedings of the 31st International Conference on Computational Linguistics (pp. 4753-4767).&nbsp;2025, enero. Generating Multiple-Choice Questions in Spanish and Basque using LLMs: A Comparative Manual Evaluation. L\u00f3pez de Lacalle, M., Saralegi, X., &amp; Saizar, A. Procesamiento del Lenguaje Natural, 74, 179-190. 2025. Interfaces conversacionales, tecnolenguajes y tecnodesigualdades. RECERCA. Tabar\u00e9s Guti\u00e9rrez, R. Revista De Pensament I An\u00e0lisi, 30(1). 2025. 2024 XNLIeu: a dataset for cross-lingual NLI in Basque. Heredia, M., Etxaniz, J., Zulaika, M., Saralegi, X., Barnes, J., &amp; Soroa, A. In Proceedings of the 2024 Conference of the North American Chapter of the Association for Computational Linguistics: Human Language Technologies (Volume 1: Long Papers) (pp. 4177\u20134188). NAACL 2024. How Well Can BERT Learn the Grammar of an Agglutinative and Flexible-Order Language? The Case of Basque. Urbizu, G., Zulaika, M.,&hellip;<\/p>\n<p> <a class=\"more-link\" href=\"https:\/\/icl4lang.orai.eus\/?page_id=17&#038;lang=es\">Read more<\/a><\/p>\n","protected":false},"author":1,"featured_media":0,"parent":0,"menu_order":0,"comment_status":"closed","ping_status":"closed","template":"","meta":{"footnotes":""},"class_list":["post-17","page","type-page","status-publish"],"_links":{"self":[{"href":"https:\/\/icl4lang.orai.eus\/index.php?rest_route=\/wp\/v2\/pages\/17","targetHints":{"allow":["GET"]}}],"collection":[{"href":"https:\/\/icl4lang.orai.eus\/index.php?rest_route=\/wp\/v2\/pages"}],"about":[{"href":"https:\/\/icl4lang.orai.eus\/index.php?rest_route=\/wp\/v2\/types\/page"}],"author":[{"embeddable":true,"href":"https:\/\/icl4lang.orai.eus\/index.php?rest_route=\/wp\/v2\/users\/1"}],"replies":[{"embeddable":true,"href":"https:\/\/icl4lang.orai.eus\/index.php?rest_route=%2Fwp%2Fv2%2Fcomments&post=17"}],"version-history":[{"count":13,"href":"https:\/\/icl4lang.orai.eus\/index.php?rest_route=\/wp\/v2\/pages\/17\/revisions"}],"predecessor-version":[{"id":415,"href":"https:\/\/icl4lang.orai.eus\/index.php?rest_route=\/wp\/v2\/pages\/17\/revisions\/415"}],"wp:attachment":[{"href":"https:\/\/icl4lang.orai.eus\/index.php?rest_route=%2Fwp%2Fv2%2Fmedia&parent=17"}],"curies":[{"name":"wp","href":"https:\/\/api.w.org\/{rel}","templated":true}]}}