{"id":44,"date":"2024-03-05T13:44:26","date_gmt":"2024-03-05T12:44:26","guid":{"rendered":"http:\/\/wp.orai.eus\/?page_id=44"},"modified":"2024-03-08T12:02:34","modified_gmt":"2024-03-08T11:02:34","slug":"retos","status":"publish","type":"page","link":"https:\/\/icl4lang.orai.eus\/?page_id=44&lang=es","title":{"rendered":"Retos"},"content":{"rendered":"\n<p style=\"font-style:normal;font-weight:300\">El proyecto ICL4LANG propone avanzar en el estado del arte en los siguientes retos:<\/p>\n\n\n\n<ul class=\"wp-block-list\">\n<li style=\"font-style:normal;font-weight:300\">R1: Construcci\u00f3n de modelos generativos de lenguaje y estrategias de pre-entrenamiento adaptadas a reg\u00edmenes de conjuntos de entrenamiento reducidos y c\u00f3mputo limitado.<\/li>\n\n\n\n<li style=\"font-style:normal;font-weight:300\">R2: Inclusi\u00f3n de criterios socio-\u00e9ticos en asistentes basados en modelos generativos de lenguaje.&nbsp;<\/li>\n\n\n\n<li style=\"font-style:normal;font-weight:300\">R3: Asistentes basados en modelos generativos de lenguaje con capacidad de actualizaci\u00f3n din\u00e1mica de su base de conocimiento.<\/li>\n\n\n\n<li style=\"font-style:normal;font-weight:300\">R4: Extracci\u00f3n de eventos en textos mediante Aprendizaje en Contexto.<\/li>\n\n\n\n<li style=\"font-style:normal;font-weight:300\">R5: Razonamiento autom\u00e1tico mediante modelos generativos.<\/li>\n\n\n\n<li style=\"font-style:normal;font-weight:300\">R6: Resumen autom\u00e1tico abstractivo de documentos largos mediante modelos generativos.<\/li>\n\n\n\n<li style=\"font-style:normal;font-weight:300\">R7: Generaci\u00f3n autom\u00e1tica de cuestionarios basada en modelo generativos para evaluaci\u00f3n de capacitaci\u00f3n t\u00e9cnica.<\/li>\n\n\n\n<li style=\"font-style:normal;font-weight:300\">R8: Test de personalidad mediante Aprendizaje en Contexto.<\/li>\n<\/ul>\n","protected":false},"excerpt":{"rendered":"<p>El proyecto ICL4LANG propone avanzar en el estado del arte en los siguientes retos:<\/p>\n","protected":false},"author":1,"featured_media":0,"parent":0,"menu_order":0,"comment_status":"closed","ping_status":"closed","template":"","meta":{"footnotes":""},"class_list":["post-44","page","type-page","status-publish"],"_links":{"self":[{"href":"https:\/\/icl4lang.orai.eus\/index.php?rest_route=\/wp\/v2\/pages\/44","targetHints":{"allow":["GET"]}}],"collection":[{"href":"https:\/\/icl4lang.orai.eus\/index.php?rest_route=\/wp\/v2\/pages"}],"about":[{"href":"https:\/\/icl4lang.orai.eus\/index.php?rest_route=\/wp\/v2\/types\/page"}],"author":[{"embeddable":true,"href":"https:\/\/icl4lang.orai.eus\/index.php?rest_route=\/wp\/v2\/users\/1"}],"replies":[{"embeddable":true,"href":"https:\/\/icl4lang.orai.eus\/index.php?rest_route=%2Fwp%2Fv2%2Fcomments&post=44"}],"version-history":[{"count":4,"href":"https:\/\/icl4lang.orai.eus\/index.php?rest_route=\/wp\/v2\/pages\/44\/revisions"}],"predecessor-version":[{"id":139,"href":"https:\/\/icl4lang.orai.eus\/index.php?rest_route=\/wp\/v2\/pages\/44\/revisions\/139"}],"wp:attachment":[{"href":"https:\/\/icl4lang.orai.eus\/index.php?rest_route=%2Fwp%2Fv2%2Fmedia&parent=44"}],"curies":[{"name":"wp","href":"https:\/\/api.w.org\/{rel}","templated":true}]}}