{"id":48,"date":"2024-03-05T13:46:13","date_gmt":"2024-03-05T12:46:13","guid":{"rendered":"http:\/\/wp.orai.eus\/?page_id=48"},"modified":"2024-03-13T08:46:29","modified_gmt":"2024-03-13T07:46:29","slug":"equipo","status":"publish","type":"page","link":"https:\/\/icl4lang.orai.eus\/?page_id=48&lang=es","title":{"rendered":"Equipo"},"content":{"rendered":"\n<div class=\"wp-block-columns is-layout-flex wp-container-core-columns-is-layout-9d6595d7 wp-block-columns-is-layout-flex\">\n<div class=\"wp-block-column is-layout-flow wp-block-column-is-layout-flow\">\n<figure class=\"wp-block-image size-full\"><a href=\"https:\/\/www.orai.eus\/eu\" target=\"_blank\" rel=\"noreferrer noopener\"><img loading=\"lazy\" decoding=\"async\" width=\"414\" height=\"157\" src=\"http:\/\/wp.orai.eus\/wp-content\/uploads\/2024\/03\/orai_logo_colour.png\" alt=\"\" class=\"wp-image-105\" srcset=\"https:\/\/icl4lang.orai.eus\/wp-content\/uploads\/2024\/03\/orai_logo_colour.png 414w, https:\/\/icl4lang.orai.eus\/wp-content\/uploads\/2024\/03\/orai_logo_colour-300x114.png 300w, https:\/\/icl4lang.orai.eus\/wp-content\/uploads\/2024\/03\/orai_logo_colour-18x7.png 18w\" sizes=\"auto, (max-width: 414px) 100vw, 414px\" \/><\/a><\/figure>\n<\/div>\n\n\n\n<div class=\"wp-block-column is-layout-flow wp-block-column-is-layout-flow\">\n<figure class=\"wp-block-image size-full\"><a href=\"https:\/\/www.tecnalia.com\/?gad_source=1&amp;gclid=CjwKCAiAxaCvBhBaEiwAvsLmWByc27XKxRs5bg01_70NOc21uaMGLh71J2byS_8LiS6geBHn7Jbz2xoClx8QAvD_BwE\" target=\"_blank\" rel=\"noreferrer noopener\"><img loading=\"lazy\" decoding=\"async\" width=\"800\" height=\"344\" src=\"http:\/\/wp.orai.eus\/wp-content\/uploads\/2024\/03\/tecnalia-logo-22-800.png\" alt=\"\" class=\"wp-image-106\" srcset=\"https:\/\/icl4lang.orai.eus\/wp-content\/uploads\/2024\/03\/tecnalia-logo-22-800.png 800w, https:\/\/icl4lang.orai.eus\/wp-content\/uploads\/2024\/03\/tecnalia-logo-22-800-300x129.png 300w, https:\/\/icl4lang.orai.eus\/wp-content\/uploads\/2024\/03\/tecnalia-logo-22-800-768x330.png 768w, https:\/\/icl4lang.orai.eus\/wp-content\/uploads\/2024\/03\/tecnalia-logo-22-800-18x8.png 18w\" sizes=\"auto, (max-width: 800px) 100vw, 800px\" \/><\/a><\/figure>\n<\/div>\n\n\n\n<div class=\"wp-block-column is-layout-flow wp-block-column-is-layout-flow\">\n<figure class=\"wp-block-image size-full\"><a href=\"https:\/\/www.hitz.eus\/eu\" target=\"_blank\" rel=\"noreferrer noopener\"><img loading=\"lazy\" decoding=\"async\" width=\"839\" height=\"265\" src=\"http:\/\/wp.orai.eus\/wp-content\/uploads\/2024\/03\/hitz_aho.png\" alt=\"\" class=\"wp-image-107\" srcset=\"https:\/\/icl4lang.orai.eus\/wp-content\/uploads\/2024\/03\/hitz_aho.png 839w, https:\/\/icl4lang.orai.eus\/wp-content\/uploads\/2024\/03\/hitz_aho-300x95.png 300w, https:\/\/icl4lang.orai.eus\/wp-content\/uploads\/2024\/03\/hitz_aho-768x243.png 768w, https:\/\/icl4lang.orai.eus\/wp-content\/uploads\/2024\/03\/hitz_aho-18x6.png 18w\" sizes=\"auto, (max-width: 839px) 100vw, 839px\" \/><\/a><\/figure>\n<\/div>\n<\/div>\n\n\n\n<div class=\"wp-block-columns is-layout-flex wp-container-core-columns-is-layout-9d6595d7 wp-block-columns-is-layout-flex\">\n<div class=\"wp-block-column is-layout-flow wp-block-column-is-layout-flow\" style=\"font-size:16px;font-style:normal;font-weight:300\"><div class=\"wp-block-image\">\n<figure class=\"aligncenter size-large is-resized\"><img loading=\"lazy\" decoding=\"async\" width=\"971\" height=\"1024\" src=\"http:\/\/wp.orai.eus\/wp-content\/uploads\/2024\/03\/Xabier_Saralegi_ESKU-1-971x1024.jpg\" alt=\"\" class=\"wp-image-93\" style=\"object-fit:cover;width:200px;height:200px\" srcset=\"https:\/\/icl4lang.orai.eus\/wp-content\/uploads\/2024\/03\/Xabier_Saralegi_ESKU-1-971x1024.jpg 971w, https:\/\/icl4lang.orai.eus\/wp-content\/uploads\/2024\/03\/Xabier_Saralegi_ESKU-1-284x300.jpg 284w, https:\/\/icl4lang.orai.eus\/wp-content\/uploads\/2024\/03\/Xabier_Saralegi_ESKU-1-768x810.jpg 768w, https:\/\/icl4lang.orai.eus\/wp-content\/uploads\/2024\/03\/Xabier_Saralegi_ESKU-1-11x12.jpg 11w, https:\/\/icl4lang.orai.eus\/wp-content\/uploads\/2024\/03\/Xabier_Saralegi_ESKU-1.jpg 1025w\" sizes=\"auto, (max-width: 971px) 100vw, 971px\" \/><\/figure>\n<\/div>\n\n\n<p class=\"has-text-align-center has-extra-small-font-size\" style=\"font-style:normal;font-weight:300\">Xabier Saralegi Urizar<br>(L\u00edder del proyecto)<br><em>Responsable de tecnolog\u00edas PLN<\/em><\/p>\n\n\n<div class=\"wp-block-image\">\n<figure class=\"aligncenter size-full is-resized\"><img loading=\"lazy\" decoding=\"async\" width=\"1025\" height=\"977\" src=\"http:\/\/wp.orai.eus\/wp-content\/uploads\/2024\/03\/Zuhaitz_Beloki_ESKU-2.jpg\" alt=\"\" class=\"wp-image-92\" style=\"object-fit:cover;width:200px;height:200px\" srcset=\"https:\/\/icl4lang.orai.eus\/wp-content\/uploads\/2024\/03\/Zuhaitz_Beloki_ESKU-2.jpg 1025w, https:\/\/icl4lang.orai.eus\/wp-content\/uploads\/2024\/03\/Zuhaitz_Beloki_ESKU-2-300x286.jpg 300w, https:\/\/icl4lang.orai.eus\/wp-content\/uploads\/2024\/03\/Zuhaitz_Beloki_ESKU-2-768x732.jpg 768w, https:\/\/icl4lang.orai.eus\/wp-content\/uploads\/2024\/03\/Zuhaitz_Beloki_ESKU-2-13x12.jpg 13w\" sizes=\"auto, (max-width: 1025px) 100vw, 1025px\" \/><\/figure>\n<\/div>\n\n\n<p class=\"has-text-align-center has-extra-small-font-size\" style=\"font-style:normal;font-weight:300\">Zuhaitz Beloki Leiza<br><em>Investigador senior<\/em><br>&nbsp;&nbsp;<\/p>\n\n\n<div class=\"wp-block-image\">\n<figure class=\"aligncenter size-full is-resized\"><img loading=\"lazy\" decoding=\"async\" width=\"1025\" height=\"903\" src=\"http:\/\/wp.orai.eus\/wp-content\/uploads\/2024\/03\/Inaki_San_Vicente_ESKU-kopia.jpg\" alt=\"\" class=\"wp-image-94\" style=\"object-fit:cover;width:200px;height:200px\" srcset=\"https:\/\/icl4lang.orai.eus\/wp-content\/uploads\/2024\/03\/Inaki_San_Vicente_ESKU-kopia.jpg 1025w, https:\/\/icl4lang.orai.eus\/wp-content\/uploads\/2024\/03\/Inaki_San_Vicente_ESKU-kopia-300x264.jpg 300w, https:\/\/icl4lang.orai.eus\/wp-content\/uploads\/2024\/03\/Inaki_San_Vicente_ESKU-kopia-768x677.jpg 768w, https:\/\/icl4lang.orai.eus\/wp-content\/uploads\/2024\/03\/Inaki_San_Vicente_ESKU-kopia-14x12.jpg 14w\" sizes=\"auto, (max-width: 1025px) 100vw, 1025px\" \/><\/figure>\n<\/div>\n\n\n<p class=\"has-text-align-center\">I\u00f1aki San Vicente Roncal<br><em>Investigador senior<\/em> <\/p>\n\n\n<div class=\"wp-block-image\">\n<figure class=\"aligncenter size-full is-resized\"><img loading=\"lazy\" decoding=\"async\" width=\"1025\" height=\"939\" src=\"http:\/\/wp.orai.eus\/wp-content\/uploads\/2024\/03\/Gorka_Urbizu_ESKU-kopia.jpg\" alt=\"\" class=\"wp-image-98\" style=\"object-fit:cover;width:200px;height:200px\" srcset=\"https:\/\/icl4lang.orai.eus\/wp-content\/uploads\/2024\/03\/Gorka_Urbizu_ESKU-kopia.jpg 1025w, https:\/\/icl4lang.orai.eus\/wp-content\/uploads\/2024\/03\/Gorka_Urbizu_ESKU-kopia-300x275.jpg 300w, https:\/\/icl4lang.orai.eus\/wp-content\/uploads\/2024\/03\/Gorka_Urbizu_ESKU-kopia-768x704.jpg 768w, https:\/\/icl4lang.orai.eus\/wp-content\/uploads\/2024\/03\/Gorka_Urbizu_ESKU-kopia-13x12.jpg 13w\" sizes=\"auto, (max-width: 1025px) 100vw, 1025px\" \/><\/figure>\n<\/div>\n\n\n<p class=\"has-text-align-center\">Gorka Urbizu Garmendia<br><em>Investigador<\/em><br> <\/p>\n\n\n<div class=\"wp-block-image\">\n<figure class=\"aligncenter size-large is-resized\"><img loading=\"lazy\" decoding=\"async\" width=\"1013\" height=\"1024\" src=\"http:\/\/wp.orai.eus\/wp-content\/uploads\/2024\/03\/Muitze_Zulaika_ESKU-1013x1024.jpg\" alt=\"\" class=\"wp-image-117\" style=\"object-fit:cover;width:200px;height:200px\" srcset=\"https:\/\/icl4lang.orai.eus\/wp-content\/uploads\/2024\/03\/Muitze_Zulaika_ESKU-1013x1024.jpg 1013w, https:\/\/icl4lang.orai.eus\/wp-content\/uploads\/2024\/03\/Muitze_Zulaika_ESKU-297x300.jpg 297w, https:\/\/icl4lang.orai.eus\/wp-content\/uploads\/2024\/03\/Muitze_Zulaika_ESKU-768x776.jpg 768w, https:\/\/icl4lang.orai.eus\/wp-content\/uploads\/2024\/03\/Muitze_Zulaika_ESKU-1519x1536.jpg 1519w, https:\/\/icl4lang.orai.eus\/wp-content\/uploads\/2024\/03\/Muitze_Zulaika_ESKU-2026x2048.jpg 2026w, https:\/\/icl4lang.orai.eus\/wp-content\/uploads\/2024\/03\/Muitze_Zulaika_ESKU-12x12.jpg 12w, https:\/\/icl4lang.orai.eus\/wp-content\/uploads\/2024\/03\/Muitze_Zulaika_ESKU-1568x1585.jpg 1568w\" sizes=\"auto, (max-width: 1013px) 100vw, 1013px\" \/><\/figure>\n<\/div>\n\n\n<p class=\"has-text-align-center\">Muitze Zulaika Gallastegi<br><em>Investigadora<\/em><\/p>\n\n\n<div class=\"wp-block-image\">\n<figure class=\"aligncenter size-large is-resized\"><img loading=\"lazy\" decoding=\"async\" width=\"1014\" height=\"1024\" src=\"http:\/\/wp.orai.eus\/wp-content\/uploads\/2024\/03\/Aitzol_Saizar_ESKU-kopia-1-1014x1024.jpg\" alt=\"\" class=\"wp-image-97\" style=\"width:200px\" srcset=\"https:\/\/icl4lang.orai.eus\/wp-content\/uploads\/2024\/03\/Aitzol_Saizar_ESKU-kopia-1-1014x1024.jpg 1014w, https:\/\/icl4lang.orai.eus\/wp-content\/uploads\/2024\/03\/Aitzol_Saizar_ESKU-kopia-1-297x300.jpg 297w, https:\/\/icl4lang.orai.eus\/wp-content\/uploads\/2024\/03\/Aitzol_Saizar_ESKU-kopia-1-150x150.jpg 150w, https:\/\/icl4lang.orai.eus\/wp-content\/uploads\/2024\/03\/Aitzol_Saizar_ESKU-kopia-1-768x775.jpg 768w, https:\/\/icl4lang.orai.eus\/wp-content\/uploads\/2024\/03\/Aitzol_Saizar_ESKU-kopia-1-12x12.jpg 12w, https:\/\/icl4lang.orai.eus\/wp-content\/uploads\/2024\/03\/Aitzol_Saizar_ESKU-kopia-1.jpg 1025w\" sizes=\"auto, (max-width: 1014px) 100vw, 1014px\" \/><\/figure>\n<\/div>\n\n\n<p class=\"has-text-align-center\">Aitzol Saizar Via\u00f1a<br><em>Investigador<\/em><\/p>\n<\/div>\n\n\n\n<div class=\"wp-block-column is-layout-flow wp-block-column-is-layout-flow\" style=\"font-size:16px;font-style:normal;font-weight:300\"><div class=\"wp-block-image\">\n<figure class=\"aligncenter size-full is-resized\"><img loading=\"lazy\" decoding=\"async\" width=\"400\" height=\"400\" src=\"http:\/\/wp.orai.eus\/wp-content\/uploads\/2024\/03\/Bilbao-Arechabala-Sonia-1.jpg\" alt=\"\" class=\"wp-image-104\" style=\"width:200px\" srcset=\"https:\/\/icl4lang.orai.eus\/wp-content\/uploads\/2024\/03\/Bilbao-Arechabala-Sonia-1.jpg 400w, https:\/\/icl4lang.orai.eus\/wp-content\/uploads\/2024\/03\/Bilbao-Arechabala-Sonia-1-300x300.jpg 300w, https:\/\/icl4lang.orai.eus\/wp-content\/uploads\/2024\/03\/Bilbao-Arechabala-Sonia-1-150x150.jpg 150w, https:\/\/icl4lang.orai.eus\/wp-content\/uploads\/2024\/03\/Bilbao-Arechabala-Sonia-1-12x12.jpg 12w\" sizes=\"auto, (max-width: 400px) 100vw, 400px\" \/><\/figure>\n<\/div>\n\n\n<p class=\"has-text-align-center\">Sonia Bilbao Arechabala<br><em>Gestora de Proyectos de I+D en PLN e IA generativa<\/em><\/p>\n\n\n<div class=\"wp-block-image\">\n<figure class=\"aligncenter size-full is-resized\"><img loading=\"lazy\" decoding=\"async\" width=\"398\" height=\"398\" src=\"http:\/\/wp.orai.eus\/wp-content\/uploads\/2024\/03\/Martinez-Rodriguez-Belen-1-edited.jpg\" alt=\"\" class=\"wp-image-306\" style=\"width:200px\" srcset=\"https:\/\/icl4lang.orai.eus\/wp-content\/uploads\/2024\/03\/Martinez-Rodriguez-Belen-1-edited.jpg 398w, https:\/\/icl4lang.orai.eus\/wp-content\/uploads\/2024\/03\/Martinez-Rodriguez-Belen-1-edited-300x300.jpg 300w, https:\/\/icl4lang.orai.eus\/wp-content\/uploads\/2024\/03\/Martinez-Rodriguez-Belen-1-edited-150x150.jpg 150w\" sizes=\"auto, (max-width: 398px) 100vw, 398px\" \/><\/figure>\n<\/div>\n\n\n<p class=\"has-text-align-center\" style=\"font-size:16px\">Belen Martinez Rodriguez<br><em>Investigadora senior en PLN e IA generativa<\/em><\/p>\n\n\n<div class=\"wp-block-image\">\n<figure class=\"aligncenter size-full is-resized\"><img loading=\"lazy\" decoding=\"async\" width=\"200\" height=\"200\" src=\"http:\/\/wp.orai.eus\/wp-content\/uploads\/2024\/03\/Villate-Castillo-Guillermo-1.jpg\" alt=\"\" class=\"wp-image-99\" style=\"width:200px\" srcset=\"https:\/\/icl4lang.orai.eus\/wp-content\/uploads\/2024\/03\/Villate-Castillo-Guillermo-1.jpg 200w, https:\/\/icl4lang.orai.eus\/wp-content\/uploads\/2024\/03\/Villate-Castillo-Guillermo-1-150x150.jpg 150w, https:\/\/icl4lang.orai.eus\/wp-content\/uploads\/2024\/03\/Villate-Castillo-Guillermo-1-12x12.jpg 12w\" sizes=\"auto, (max-width: 200px) 100vw, 200px\" \/><\/figure>\n<\/div>\n\n\n<p class=\"has-text-align-center has-extra-small-font-size\" style=\"font-style:normal;font-weight:300\">Guillermo Villate Castillo<br><em>Investigador en PLN e IA generativa<\/em><\/p>\n\n\n<div class=\"wp-block-image\">\n<figure class=\"aligncenter size-large is-resized\"><img loading=\"lazy\" decoding=\"async\" width=\"1124\" height=\"1124\" src=\"http:\/\/wp.orai.eus\/wp-content\/uploads\/2024\/03\/Jorge-Hernandez-Fernando-1-edited.png\" alt=\"\" class=\"wp-image-141\" style=\"width:200px\" srcset=\"https:\/\/icl4lang.orai.eus\/wp-content\/uploads\/2024\/03\/Jorge-Hernandez-Fernando-1-edited.png 1124w, https:\/\/icl4lang.orai.eus\/wp-content\/uploads\/2024\/03\/Jorge-Hernandez-Fernando-1-edited-300x300.png 300w, https:\/\/icl4lang.orai.eus\/wp-content\/uploads\/2024\/03\/Jorge-Hernandez-Fernando-1-edited-1024x1024.png 1024w, https:\/\/icl4lang.orai.eus\/wp-content\/uploads\/2024\/03\/Jorge-Hernandez-Fernando-1-edited-150x150.png 150w, https:\/\/icl4lang.orai.eus\/wp-content\/uploads\/2024\/03\/Jorge-Hernandez-Fernando-1-edited-768x768.png 768w, https:\/\/icl4lang.orai.eus\/wp-content\/uploads\/2024\/03\/Jorge-Hernandez-Fernando-1-edited-12x12.png 12w\" sizes=\"auto, (max-width: 1124px) 100vw, 1124px\" \/><\/figure>\n<\/div>\n\n\n<p class=\"has-text-align-center\" style=\"font-size:16px\">Fernando Jorge Hernandez<br><em>Investigador en PLN e IA generativa<\/em><br><\/p>\n\n\n<div class=\"wp-block-image\">\n<figure class=\"aligncenter size-full is-resized\"><img loading=\"lazy\" decoding=\"async\" width=\"192\" height=\"195\" src=\"http:\/\/wp.orai.eus\/wp-content\/uploads\/2024\/03\/Brazal-Cortaberria-Nagore-1.jpg\" alt=\"\" class=\"wp-image-101\" style=\"width:200px\" srcset=\"https:\/\/icl4lang.orai.eus\/wp-content\/uploads\/2024\/03\/Brazal-Cortaberria-Nagore-1.jpg 192w, https:\/\/icl4lang.orai.eus\/wp-content\/uploads\/2024\/03\/Brazal-Cortaberria-Nagore-1-12x12.jpg 12w\" sizes=\"auto, (max-width: 192px) 100vw, 192px\" \/><\/figure>\n<\/div>\n\n\n<p class=\"has-text-align-center\" style=\"font-size:16px\">Nagore Brazal Cortaberria<br><em>Investigadora en Ciberseguridad<\/em><\/p>\n\n\n<div class=\"wp-block-image\">\n<figure class=\"aligncenter size-full is-resized\"><img loading=\"lazy\" decoding=\"async\" width=\"460\" height=\"460\" src=\"http:\/\/wp.orai.eus\/wp-content\/uploads\/2024\/03\/Gonzalez-Bascoy-Pedro-1.jpeg\" alt=\"\" class=\"wp-image-102\" style=\"width:200px\" srcset=\"https:\/\/icl4lang.orai.eus\/wp-content\/uploads\/2024\/03\/Gonzalez-Bascoy-Pedro-1.jpeg 460w, https:\/\/icl4lang.orai.eus\/wp-content\/uploads\/2024\/03\/Gonzalez-Bascoy-Pedro-1-300x300.jpeg 300w, https:\/\/icl4lang.orai.eus\/wp-content\/uploads\/2024\/03\/Gonzalez-Bascoy-Pedro-1-150x150.jpeg 150w, https:\/\/icl4lang.orai.eus\/wp-content\/uploads\/2024\/03\/Gonzalez-Bascoy-Pedro-1-12x12.jpeg 12w\" sizes=\"auto, (max-width: 460px) 100vw, 460px\" \/><\/figure>\n<\/div>\n\n\n<p class=\"has-text-align-center\">Pedro Gonzalez Bascoy<br><em>Investigador en PLN e IA generativa<\/em><\/p>\n<\/div>\n\n\n\n<div class=\"wp-block-column is-layout-flow wp-block-column-is-layout-flow\" style=\"font-size:16px\"><div class=\"wp-block-image\">\n<figure class=\"aligncenter size-full is-resized\"><img loading=\"lazy\" decoding=\"async\" width=\"320\" height=\"320\" src=\"http:\/\/wp.orai.eus\/wp-content\/uploads\/2024\/03\/portrait-edited.jpg\" alt=\"\" class=\"wp-image-126\" style=\"width:200px\" srcset=\"https:\/\/icl4lang.orai.eus\/wp-content\/uploads\/2024\/03\/portrait-edited.jpg 320w, https:\/\/icl4lang.orai.eus\/wp-content\/uploads\/2024\/03\/portrait-edited-300x300.jpg 300w, https:\/\/icl4lang.orai.eus\/wp-content\/uploads\/2024\/03\/portrait-edited-150x150.jpg 150w, https:\/\/icl4lang.orai.eus\/wp-content\/uploads\/2024\/03\/portrait-edited-12x12.jpg 12w\" sizes=\"auto, (max-width: 320px) 100vw, 320px\" \/><\/figure>\n<\/div>\n\n\n<p class=\"has-text-align-center has-extra-small-font-size\" style=\"font-style:normal;font-weight:300\">Aitor Soroa Echave<br><em>Profesor Agregado<\/em><br>&nbsp;&nbsp;<\/p>\n\n\n<div class=\"wp-block-image\">\n<figure class=\"aligncenter size-full is-resized\"><img loading=\"lazy\" decoding=\"async\" width=\"320\" height=\"320\" src=\"http:\/\/wp.orai.eus\/wp-content\/uploads\/2024\/03\/xabier_t_0-edited.jpg\" alt=\"\" class=\"wp-image-127\" style=\"width:200px\" srcset=\"https:\/\/icl4lang.orai.eus\/wp-content\/uploads\/2024\/03\/xabier_t_0-edited.jpg 320w, https:\/\/icl4lang.orai.eus\/wp-content\/uploads\/2024\/03\/xabier_t_0-edited-300x300.jpg 300w, https:\/\/icl4lang.orai.eus\/wp-content\/uploads\/2024\/03\/xabier_t_0-edited-150x150.jpg 150w, https:\/\/icl4lang.orai.eus\/wp-content\/uploads\/2024\/03\/xabier_t_0-edited-12x12.jpg 12w\" sizes=\"auto, (max-width: 320px) 100vw, 320px\" \/><\/figure>\n<\/div>\n\n\n<p class=\"has-text-align-center has-extra-small-font-size\" style=\"font-style:normal;font-weight:300\">Xabier Arregi Iparragirre<br><em>Profesor Agregado<\/em><br>&nbsp;&nbsp;<\/p>\n\n\n<div class=\"wp-block-image\">\n<figure class=\"aligncenter size-full is-resized\"><img loading=\"lazy\" decoding=\"async\" width=\"512\" height=\"512\" src=\"http:\/\/wp.orai.eus\/wp-content\/uploads\/2024\/03\/itziar_aldabe-edited.jpg\" alt=\"\" class=\"wp-image-124\" style=\"width:200px\" srcset=\"https:\/\/icl4lang.orai.eus\/wp-content\/uploads\/2024\/03\/itziar_aldabe-edited.jpg 512w, https:\/\/icl4lang.orai.eus\/wp-content\/uploads\/2024\/03\/itziar_aldabe-edited-300x300.jpg 300w, https:\/\/icl4lang.orai.eus\/wp-content\/uploads\/2024\/03\/itziar_aldabe-edited-150x150.jpg 150w, https:\/\/icl4lang.orai.eus\/wp-content\/uploads\/2024\/03\/itziar_aldabe-edited-12x12.jpg 12w\" sizes=\"auto, (max-width: 512px) 100vw, 512px\" \/><\/figure>\n<\/div>\n\n\n<p class=\"has-text-align-center has-extra-small-font-size\" style=\"font-style:normal;font-weight:300\">Itziar Aldabe Arregi <br><em>Investigadora <\/em><\/p>\n\n\n<div class=\"wp-block-image\">\n<figure class=\"aligncenter size-full is-resized\"><img loading=\"lazy\" decoding=\"async\" width=\"320\" height=\"320\" src=\"http:\/\/wp.orai.eus\/wp-content\/uploads\/2024\/03\/oscar2_0-edited.jpg\" alt=\"\" class=\"wp-image-125\" style=\"width:200px\" srcset=\"https:\/\/icl4lang.orai.eus\/wp-content\/uploads\/2024\/03\/oscar2_0-edited.jpg 320w, https:\/\/icl4lang.orai.eus\/wp-content\/uploads\/2024\/03\/oscar2_0-edited-300x300.jpg 300w, https:\/\/icl4lang.orai.eus\/wp-content\/uploads\/2024\/03\/oscar2_0-edited-150x150.jpg 150w, https:\/\/icl4lang.orai.eus\/wp-content\/uploads\/2024\/03\/oscar2_0-edited-12x12.jpg 12w\" sizes=\"auto, (max-width: 320px) 100vw, 320px\" \/><\/figure>\n<\/div>\n\n\n<p class=\"has-text-align-center has-extra-small-font-size\" style=\"font-style:normal;font-weight:300\">Oscar Sainz Jimenez<br><em>Investigador FPI<\/em><\/p>\n\n\n<div class=\"wp-block-image\">\n<figure class=\"aligncenter size-full is-resized\"><img loading=\"lazy\" decoding=\"async\" width=\"265\" height=\"265\" src=\"http:\/\/wp.orai.eus\/wp-content\/uploads\/2024\/03\/iker_t2-edited.jpg\" alt=\"\" class=\"wp-image-260\" style=\"width:200px\" srcset=\"https:\/\/icl4lang.orai.eus\/wp-content\/uploads\/2024\/03\/iker_t2-edited.jpg 265w, https:\/\/icl4lang.orai.eus\/wp-content\/uploads\/2024\/03\/iker_t2-edited-150x150.jpg 150w\" sizes=\"auto, (max-width: 265px) 100vw, 265px\" \/><\/figure>\n<\/div>\n\n\n<p class=\"has-text-align-center has-extra-small-font-size\" style=\"font-style:normal;font-weight:300\">Iker Garcia Ferrero<br><em>Investigador FPI<\/em><\/p>\n\n\n<div class=\"wp-block-image\">\n<figure class=\"aligncenter size-full is-resized\"><img loading=\"lazy\" decoding=\"async\" width=\"320\" height=\"320\" src=\"http:\/\/wp.orai.eus\/wp-content\/uploads\/2024\/03\/DPM0025v1-edited.jpg\" alt=\"\" class=\"wp-image-262\" style=\"width:200px\" srcset=\"https:\/\/icl4lang.orai.eus\/wp-content\/uploads\/2024\/03\/DPM0025v1-edited.jpg 320w, https:\/\/icl4lang.orai.eus\/wp-content\/uploads\/2024\/03\/DPM0025v1-edited-300x300.jpg 300w, https:\/\/icl4lang.orai.eus\/wp-content\/uploads\/2024\/03\/DPM0025v1-edited-150x150.jpg 150w\" sizes=\"auto, (max-width: 320px) 100vw, 320px\" \/><\/figure>\n<\/div>\n\n\n<p class=\"has-text-align-center\" style=\"font-size:17px;font-style:normal;font-weight:300\">Oier Lopez de Lacalle Lecuona<br><em>Profesor Agregado<\/em><\/p>\n\n\n\n<p><\/p>\n<\/div>\n<\/div>\n","protected":false},"excerpt":{"rendered":"<p>Xabier Saralegi Urizar(L\u00edder del proyecto)Responsable de tecnolog\u00edas PLN Zuhaitz Beloki LeizaInvestigador senior&nbsp;&nbsp; I\u00f1aki San Vicente RoncalInvestigador senior Gorka Urbizu GarmendiaInvestigador Muitze Zulaika GallastegiInvestigadora Aitzol Saizar Via\u00f1aInvestigador Sonia Bilbao ArechabalaGestora de Proyectos de I+D en PLN e IA generativa Belen Martinez RodriguezInvestigadora senior en PLN e IA generativa Guillermo Villate CastilloInvestigador en PLN e IA generativa Fernando Jorge HernandezInvestigador en PLN e IA generativa Nagore Brazal CortaberriaInvestigadora en Ciberseguridad Pedro Gonzalez BascoyInvestigador en PLN e IA generativa Aitor Soroa EchaveProfesor Agregado&nbsp;&nbsp; Xabier Arregi IparragirreProfesor Agregado&nbsp;&nbsp; Itziar Aldabe Arregi Investigadora Oscar Sainz JimenezInvestigador FPI Iker Garcia FerreroInvestigador FPI Oier Lopez de Lacalle LecuonaProfesor Agregado<\/p>\n","protected":false},"author":1,"featured_media":0,"parent":0,"menu_order":0,"comment_status":"closed","ping_status":"closed","template":"","meta":{"footnotes":""},"class_list":["post-48","page","type-page","status-publish"],"_links":{"self":[{"href":"https:\/\/icl4lang.orai.eus\/index.php?rest_route=\/wp\/v2\/pages\/48","targetHints":{"allow":["GET"]}}],"collection":[{"href":"https:\/\/icl4lang.orai.eus\/index.php?rest_route=\/wp\/v2\/pages"}],"about":[{"href":"https:\/\/icl4lang.orai.eus\/index.php?rest_route=\/wp\/v2\/types\/page"}],"author":[{"embeddable":true,"href":"https:\/\/icl4lang.orai.eus\/index.php?rest_route=\/wp\/v2\/users\/1"}],"replies":[{"embeddable":true,"href":"https:\/\/icl4lang.orai.eus\/index.php?rest_route=%2Fwp%2Fv2%2Fcomments&post=48"}],"version-history":[{"count":28,"href":"https:\/\/icl4lang.orai.eus\/index.php?rest_route=\/wp\/v2\/pages\/48\/revisions"}],"predecessor-version":[{"id":338,"href":"https:\/\/icl4lang.orai.eus\/index.php?rest_route=\/wp\/v2\/pages\/48\/revisions\/338"}],"wp:attachment":[{"href":"https:\/\/icl4lang.orai.eus\/index.php?rest_route=%2Fwp%2Fv2%2Fmedia&parent=48"}],"curies":[{"name":"wp","href":"https:\/\/api.w.org\/{rel}","templated":true}]}}